{"id":1216,"date":"2019-03-07T09:53:40","date_gmt":"2019-03-07T09:53:40","guid":{"rendered":"http:\/\/relais-alpin.ms.decms.eu\/?page_id=1216"},"modified":"2019-03-07T09:56:52","modified_gmt":"2019-03-07T09:56:52","slug":"lephemere","status":"publish","type":"page","link":"https:\/\/www.relaisalpin.ch\/en\/our-restaurants\/lephemere\/","title":{"rendered":"L&#8217;Eph\u00e9m\u00e8re"},"content":{"rendered":"<p>The L&#8217;eph\u00e9m\u00e8re restaurant, located in wooden log cabin, will give you a warm welcome you during the winter holidays and on weekends during the winter season.<br \/>\nCome and spend an exceptional evening based around traditional cheese dishes such as fondue or raclette <strong>in a unique and warm atmosphere<\/strong>, in a real trapper&#8217;s hut.<\/p>\n<p>&nbsp;<\/p>\n","protected":false},"excerpt":{"rendered":"<p>The L&#8217;eph\u00e9m\u00e8re restaurant, located in wooden log cabin, will give you a warm welcome you during the winter holidays and on weekends during the winter season. Come and spend an exceptional evening based around traditional cheese dishes such as fondue or raclette in a unique and warm atmosphere, in a real trapper&#8217;s hut. &nbsp;<\/p>\n","protected":false},"author":14,"featured_media":440,"parent":1211,"menu_order":2,"comment_status":"closed","ping_status":"closed","template":"template-single-restaurant.php","meta":{"footnotes":""},"class_list":["post-1216","page","type-page","status-publish","has-post-thumbnail","hentry"],"yoast_head":"<!-- This site is optimized with the Yoast SEO plugin v26.9 - https:\/\/yoast.com\/product\/yoast-seo-wordpress\/ -->\n<title>L&#039;Eph\u00e9m\u00e8re Restaurant at Hotel Le Relais Alpin in Les Mosses<\/title>\n<meta name=\"description\" content=\"L&#039;Eph\u00e9m\u00e8re Restaurant at Hotel Le Relais Alpin in Les Mosses\" \/>\n<meta name=\"robots\" content=\"index, follow, max-snippet:-1, max-image-preview:large, max-video-preview:-1\" \/>\n<link rel=\"canonical\" href=\"https:\/\/www.relaisalpin.ch\/en\/our-restaurants\/lephemere\/\" \/>\n<meta property=\"og:locale\" content=\"en_US\" \/>\n<meta property=\"og:type\" content=\"article\" \/>\n<meta property=\"og:title\" content=\"L&#039;Eph\u00e9m\u00e8re Restaurant at Hotel Le Relais Alpin in Les Mosses\" \/>\n<meta property=\"og:description\" content=\"L&#039;Eph\u00e9m\u00e8re Restaurant at Hotel Le Relais Alpin in Les Mosses\" \/>\n<meta property=\"og:url\" content=\"https:\/\/www.relaisalpin.ch\/en\/our-restaurants\/lephemere\/\" \/>\n<meta property=\"og:site_name\" content=\"Le Relais Alpin\" \/>\n<meta property=\"article:modified_time\" content=\"2019-03-07T09:56:52+00:00\" \/>\n<meta property=\"og:image\" content=\"https:\/\/www.relaisalpin.ch\/wp-content\/uploads\/sites\/6\/2019\/02\/le-relais-alpin_ephemere_gallery_02.2-min.jpg\" \/>\n\t<meta property=\"og:image:width\" content=\"1200\" \/>\n\t<meta property=\"og:image:height\" content=\"400\" \/>\n\t<meta property=\"og:image:type\" content=\"image\/jpeg\" \/>\n<meta name=\"twitter:card\" content=\"summary_large_image\" \/>\n<script type=\"application\/ld+json\" class=\"yoast-schema-graph\">{\"@context\":\"https:\/\/schema.org\",\"@graph\":[{\"@type\":\"WebPage\",\"@id\":\"https:\/\/www.relaisalpin.ch\/en\/our-restaurants\/lephemere\/\",\"url\":\"https:\/\/www.relaisalpin.ch\/en\/our-restaurants\/lephemere\/\",\"name\":\"L'Eph\u00e9m\u00e8re Restaurant at Hotel Le Relais Alpin in Les Mosses\",\"isPartOf\":{\"@id\":\"https:\/\/www.relaisalpin.ch\/en\/#website\"},\"primaryImageOfPage\":{\"@id\":\"https:\/\/www.relaisalpin.ch\/en\/our-restaurants\/lephemere\/#primaryimage\"},\"image\":{\"@id\":\"https:\/\/www.relaisalpin.ch\/en\/our-restaurants\/lephemere\/#primaryimage\"},\"thumbnailUrl\":\"https:\/\/www.relaisalpin.ch\/wp-content\/uploads\/sites\/6\/2019\/02\/le-relais-alpin_ephemere_gallery_02.2-min.jpg\",\"datePublished\":\"2019-03-07T09:53:40+00:00\",\"dateModified\":\"2019-03-07T09:56:52+00:00\",\"description\":\"L'Eph\u00e9m\u00e8re Restaurant at Hotel Le Relais Alpin in Les Mosses\",\"breadcrumb\":{\"@id\":\"https:\/\/www.relaisalpin.ch\/en\/our-restaurants\/lephemere\/#breadcrumb\"},\"inLanguage\":\"en-US\",\"potentialAction\":[{\"@type\":\"ReadAction\",\"target\":[\"https:\/\/www.relaisalpin.ch\/en\/our-restaurants\/lephemere\/\"]}]},{\"@type\":\"ImageObject\",\"inLanguage\":\"en-US\",\"@id\":\"https:\/\/www.relaisalpin.ch\/en\/our-restaurants\/lephemere\/#primaryimage\",\"url\":\"https:\/\/www.relaisalpin.ch\/wp-content\/uploads\/sites\/6\/2019\/02\/le-relais-alpin_ephemere_gallery_02.2-min.jpg\",\"contentUrl\":\"https:\/\/www.relaisalpin.ch\/wp-content\/uploads\/sites\/6\/2019\/02\/le-relais-alpin_ephemere_gallery_02.2-min.jpg\",\"width\":1200,\"height\":400},{\"@type\":\"BreadcrumbList\",\"@id\":\"https:\/\/www.relaisalpin.ch\/en\/our-restaurants\/lephemere\/#breadcrumb\",\"itemListElement\":[{\"@type\":\"ListItem\",\"position\":1,\"name\":\"Home\",\"item\":\"https:\/\/www.relaisalpin.ch\/en\/\"},{\"@type\":\"ListItem\",\"position\":2,\"name\":\"Our restaurants\",\"item\":\"https:\/\/www.relaisalpin.ch\/en\/our-restaurants\/\"},{\"@type\":\"ListItem\",\"position\":3,\"name\":\"L&#8217;Eph\u00e9m\u00e8re\"}]},{\"@type\":\"WebSite\",\"@id\":\"https:\/\/www.relaisalpin.ch\/en\/#website\",\"url\":\"https:\/\/www.relaisalpin.ch\/en\/\",\"name\":\"Le Relais Alpin\",\"description\":\"Just another ms.decms.eu site\",\"potentialAction\":[{\"@type\":\"SearchAction\",\"target\":{\"@type\":\"EntryPoint\",\"urlTemplate\":\"https:\/\/www.relaisalpin.ch\/en\/?s={search_term_string}\"},\"query-input\":{\"@type\":\"PropertyValueSpecification\",\"valueRequired\":true,\"valueName\":\"search_term_string\"}}],\"inLanguage\":\"en-US\"}]}<\/script>\n<!-- \/ Yoast SEO plugin. -->","yoast_head_json":{"title":"L'Eph\u00e9m\u00e8re Restaurant at Hotel Le Relais Alpin in Les Mosses","description":"L'Eph\u00e9m\u00e8re Restaurant at Hotel Le Relais Alpin in Les Mosses","robots":{"index":"index","follow":"follow","max-snippet":"max-snippet:-1","max-image-preview":"max-image-preview:large","max-video-preview":"max-video-preview:-1"},"canonical":"https:\/\/www.relaisalpin.ch\/en\/our-restaurants\/lephemere\/","og_locale":"en_US","og_type":"article","og_title":"L'Eph\u00e9m\u00e8re Restaurant at Hotel Le Relais Alpin in Les Mosses","og_description":"L'Eph\u00e9m\u00e8re Restaurant at Hotel Le Relais Alpin in Les Mosses","og_url":"https:\/\/www.relaisalpin.ch\/en\/our-restaurants\/lephemere\/","og_site_name":"Le Relais Alpin","article_modified_time":"2019-03-07T09:56:52+00:00","og_image":[{"width":1200,"height":400,"url":"https:\/\/www.relaisalpin.ch\/wp-content\/uploads\/sites\/6\/2019\/02\/le-relais-alpin_ephemere_gallery_02.2-min.jpg","type":"image\/jpeg"}],"twitter_card":"summary_large_image","schema":{"@context":"https:\/\/schema.org","@graph":[{"@type":"WebPage","@id":"https:\/\/www.relaisalpin.ch\/en\/our-restaurants\/lephemere\/","url":"https:\/\/www.relaisalpin.ch\/en\/our-restaurants\/lephemere\/","name":"L'Eph\u00e9m\u00e8re Restaurant at Hotel Le Relais Alpin in Les Mosses","isPartOf":{"@id":"https:\/\/www.relaisalpin.ch\/en\/#website"},"primaryImageOfPage":{"@id":"https:\/\/www.relaisalpin.ch\/en\/our-restaurants\/lephemere\/#primaryimage"},"image":{"@id":"https:\/\/www.relaisalpin.ch\/en\/our-restaurants\/lephemere\/#primaryimage"},"thumbnailUrl":"https:\/\/www.relaisalpin.ch\/wp-content\/uploads\/sites\/6\/2019\/02\/le-relais-alpin_ephemere_gallery_02.2-min.jpg","datePublished":"2019-03-07T09:53:40+00:00","dateModified":"2019-03-07T09:56:52+00:00","description":"L'Eph\u00e9m\u00e8re Restaurant at Hotel Le Relais Alpin in Les Mosses","breadcrumb":{"@id":"https:\/\/www.relaisalpin.ch\/en\/our-restaurants\/lephemere\/#breadcrumb"},"inLanguage":"en-US","potentialAction":[{"@type":"ReadAction","target":["https:\/\/www.relaisalpin.ch\/en\/our-restaurants\/lephemere\/"]}]},{"@type":"ImageObject","inLanguage":"en-US","@id":"https:\/\/www.relaisalpin.ch\/en\/our-restaurants\/lephemere\/#primaryimage","url":"https:\/\/www.relaisalpin.ch\/wp-content\/uploads\/sites\/6\/2019\/02\/le-relais-alpin_ephemere_gallery_02.2-min.jpg","contentUrl":"https:\/\/www.relaisalpin.ch\/wp-content\/uploads\/sites\/6\/2019\/02\/le-relais-alpin_ephemere_gallery_02.2-min.jpg","width":1200,"height":400},{"@type":"BreadcrumbList","@id":"https:\/\/www.relaisalpin.ch\/en\/our-restaurants\/lephemere\/#breadcrumb","itemListElement":[{"@type":"ListItem","position":1,"name":"Home","item":"https:\/\/www.relaisalpin.ch\/en\/"},{"@type":"ListItem","position":2,"name":"Our restaurants","item":"https:\/\/www.relaisalpin.ch\/en\/our-restaurants\/"},{"@type":"ListItem","position":3,"name":"L&#8217;Eph\u00e9m\u00e8re"}]},{"@type":"WebSite","@id":"https:\/\/www.relaisalpin.ch\/en\/#website","url":"https:\/\/www.relaisalpin.ch\/en\/","name":"Le Relais Alpin","description":"Just another ms.decms.eu site","potentialAction":[{"@type":"SearchAction","target":{"@type":"EntryPoint","urlTemplate":"https:\/\/www.relaisalpin.ch\/en\/?s={search_term_string}"},"query-input":{"@type":"PropertyValueSpecification","valueRequired":true,"valueName":"search_term_string"}}],"inLanguage":"en-US"}]}},"acf":[],"_links":{"self":[{"href":"https:\/\/www.relaisalpin.ch\/en\/wp-json\/wp\/v2\/pages\/1216","targetHints":{"allow":["GET"]}}],"collection":[{"href":"https:\/\/www.relaisalpin.ch\/en\/wp-json\/wp\/v2\/pages"}],"about":[{"href":"https:\/\/www.relaisalpin.ch\/en\/wp-json\/wp\/v2\/types\/page"}],"author":[{"embeddable":true,"href":"https:\/\/www.relaisalpin.ch\/en\/wp-json\/wp\/v2\/users\/14"}],"replies":[{"embeddable":true,"href":"https:\/\/www.relaisalpin.ch\/en\/wp-json\/wp\/v2\/comments?post=1216"}],"version-history":[{"count":0,"href":"https:\/\/www.relaisalpin.ch\/en\/wp-json\/wp\/v2\/pages\/1216\/revisions"}],"up":[{"embeddable":true,"href":"https:\/\/www.relaisalpin.ch\/en\/wp-json\/wp\/v2\/pages\/1211"}],"wp:featuredmedia":[{"embeddable":true,"href":"https:\/\/www.relaisalpin.ch\/en\/wp-json\/wp\/v2\/media\/440"}],"wp:attachment":[{"href":"https:\/\/www.relaisalpin.ch\/en\/wp-json\/wp\/v2\/media?parent=1216"}],"curies":[{"name":"wp","href":"https:\/\/api.w.org\/{rel}","templated":true}]}}