{"id":1211,"date":"2019-03-06T16:43:42","date_gmt":"2019-03-06T16:43:42","guid":{"rendered":"http:\/\/relais-alpin.ms.decms.eu\/?page_id=1211"},"modified":"2019-03-06T16:49:27","modified_gmt":"2019-03-06T16:49:27","slug":"our-restaurants","status":"publish","type":"page","link":"https:\/\/www.relaisalpin.ch\/en\/our-restaurants\/","title":{"rendered":"Our restaurants"},"content":{"rendered":"<p>Hotel le Relais Alpin presents the &#8220;<strong>Le Bivouac&#8221; restaurant<\/strong>, which is open 10 months of the year and has a varied and international menu.<\/p>\n<p>The Hotel Le Relais Alpin also offers the &#8220;<strong>L&#8217;\u00e9ph\u00e9m\u00e8re&#8221; restaurant,<\/strong> which is open during the Christmas and February school holidays, and also on Friday and Saturday during the winter season. The L&#8217;eph\u00e9m\u00e8re restaurant is located in wooden log cabin, and is ready<strong> to welcome you with a warm setting for an unforgettable evening<\/strong> based around traditional cheese dishes.<\/p>\n","protected":false},"excerpt":{"rendered":"<p>Hotel le Relais Alpin presents the &#8220;Le Bivouac&#8221; restaurant, which is open 10 months of the year and has a varied and international menu. The Hotel Le Relais Alpin also offers the &#8220;L&#8217;\u00e9ph\u00e9m\u00e8re&#8221; restaurant, which is open during the Christmas and February school holidays, and also on Friday and Saturday during the winter season. The [&hellip;]<\/p>\n","protected":false},"author":14,"featured_media":362,"parent":0,"menu_order":6,"comment_status":"closed","ping_status":"closed","template":"template-restaurants.php","meta":{"footnotes":""},"class_list":["post-1211","page","type-page","status-publish","has-post-thumbnail","hentry"],"yoast_head":"<!-- This site is optimized with the Yoast SEO plugin v26.9 - https:\/\/yoast.com\/product\/yoast-seo-wordpress\/ -->\n<title>Restaurant in Les Mosses - Le Bivouac - L&#039;\u00e9ph\u00e9m\u00e8re - Le Relais Alpin<\/title>\n<meta name=\"description\" content=\"The &quot;Le Bivouac&quot; Restaurant at the Hotel 3* Relais Alpin in Les Mosses will greet you with a warm atmosphere and a varied menu.\" \/>\n<meta name=\"robots\" content=\"index, follow, max-snippet:-1, max-image-preview:large, max-video-preview:-1\" \/>\n<link rel=\"canonical\" href=\"https:\/\/www.relaisalpin.ch\/en\/our-restaurants\/\" \/>\n<meta property=\"og:locale\" content=\"en_US\" \/>\n<meta property=\"og:type\" content=\"article\" \/>\n<meta property=\"og:title\" content=\"Restaurant in Les Mosses - Le Bivouac - L&#039;\u00e9ph\u00e9m\u00e8re - Le Relais Alpin\" \/>\n<meta property=\"og:description\" content=\"The &quot;Le Bivouac&quot; Restaurant at the Hotel 3* Relais Alpin in Les Mosses will greet you with a warm atmosphere and a varied menu.\" \/>\n<meta property=\"og:url\" content=\"https:\/\/www.relaisalpin.ch\/en\/our-restaurants\/\" \/>\n<meta property=\"og:site_name\" content=\"Le Relais Alpin\" \/>\n<meta property=\"article:modified_time\" content=\"2019-03-06T16:49:27+00:00\" \/>\n<meta property=\"og:image\" content=\"https:\/\/www.relaisalpin.ch\/wp-content\/uploads\/sites\/6\/2019\/02\/le-relais-alpin_restaurants_preview_01-min-1.jpg\" \/>\n\t<meta property=\"og:image:width\" content=\"1200\" \/>\n\t<meta property=\"og:image:height\" content=\"800\" \/>\n\t<meta property=\"og:image:type\" content=\"image\/jpeg\" \/>\n<meta name=\"twitter:card\" content=\"summary_large_image\" \/>\n<script type=\"application\/ld+json\" class=\"yoast-schema-graph\">{\"@context\":\"https:\/\/schema.org\",\"@graph\":[{\"@type\":\"WebPage\",\"@id\":\"https:\/\/www.relaisalpin.ch\/en\/our-restaurants\/\",\"url\":\"https:\/\/www.relaisalpin.ch\/en\/our-restaurants\/\",\"name\":\"Restaurant in Les Mosses - Le Bivouac - L'\u00e9ph\u00e9m\u00e8re - Le Relais Alpin\",\"isPartOf\":{\"@id\":\"https:\/\/www.relaisalpin.ch\/en\/#website\"},\"primaryImageOfPage\":{\"@id\":\"https:\/\/www.relaisalpin.ch\/en\/our-restaurants\/#primaryimage\"},\"image\":{\"@id\":\"https:\/\/www.relaisalpin.ch\/en\/our-restaurants\/#primaryimage\"},\"thumbnailUrl\":\"https:\/\/www.relaisalpin.ch\/wp-content\/uploads\/sites\/6\/2019\/02\/le-relais-alpin_restaurants_preview_01-min-1.jpg\",\"datePublished\":\"2019-03-06T16:43:42+00:00\",\"dateModified\":\"2019-03-06T16:49:27+00:00\",\"description\":\"The \\\"Le Bivouac\\\" Restaurant at the Hotel 3* Relais Alpin in Les Mosses will greet you with a warm atmosphere and a varied menu.\",\"breadcrumb\":{\"@id\":\"https:\/\/www.relaisalpin.ch\/en\/our-restaurants\/#breadcrumb\"},\"inLanguage\":\"en-US\",\"potentialAction\":[{\"@type\":\"ReadAction\",\"target\":[\"https:\/\/www.relaisalpin.ch\/en\/our-restaurants\/\"]}]},{\"@type\":\"ImageObject\",\"inLanguage\":\"en-US\",\"@id\":\"https:\/\/www.relaisalpin.ch\/en\/our-restaurants\/#primaryimage\",\"url\":\"https:\/\/www.relaisalpin.ch\/wp-content\/uploads\/sites\/6\/2019\/02\/le-relais-alpin_restaurants_preview_01-min-1.jpg\",\"contentUrl\":\"https:\/\/www.relaisalpin.ch\/wp-content\/uploads\/sites\/6\/2019\/02\/le-relais-alpin_restaurants_preview_01-min-1.jpg\",\"width\":1200,\"height\":800},{\"@type\":\"BreadcrumbList\",\"@id\":\"https:\/\/www.relaisalpin.ch\/en\/our-restaurants\/#breadcrumb\",\"itemListElement\":[{\"@type\":\"ListItem\",\"position\":1,\"name\":\"Home\",\"item\":\"https:\/\/www.relaisalpin.ch\/en\/\"},{\"@type\":\"ListItem\",\"position\":2,\"name\":\"Our restaurants\"}]},{\"@type\":\"WebSite\",\"@id\":\"https:\/\/www.relaisalpin.ch\/en\/#website\",\"url\":\"https:\/\/www.relaisalpin.ch\/en\/\",\"name\":\"Le Relais Alpin\",\"description\":\"Just another ms.decms.eu site\",\"potentialAction\":[{\"@type\":\"SearchAction\",\"target\":{\"@type\":\"EntryPoint\",\"urlTemplate\":\"https:\/\/www.relaisalpin.ch\/en\/?s={search_term_string}\"},\"query-input\":{\"@type\":\"PropertyValueSpecification\",\"valueRequired\":true,\"valueName\":\"search_term_string\"}}],\"inLanguage\":\"en-US\"}]}<\/script>\n<!-- \/ Yoast SEO plugin. -->","yoast_head_json":{"title":"Restaurant in Les Mosses - Le Bivouac - L'\u00e9ph\u00e9m\u00e8re - Le Relais Alpin","description":"The \"Le Bivouac\" Restaurant at the Hotel 3* Relais Alpin in Les Mosses will greet you with a warm atmosphere and a varied menu.","robots":{"index":"index","follow":"follow","max-snippet":"max-snippet:-1","max-image-preview":"max-image-preview:large","max-video-preview":"max-video-preview:-1"},"canonical":"https:\/\/www.relaisalpin.ch\/en\/our-restaurants\/","og_locale":"en_US","og_type":"article","og_title":"Restaurant in Les Mosses - Le Bivouac - L'\u00e9ph\u00e9m\u00e8re - Le Relais Alpin","og_description":"The \"Le Bivouac\" Restaurant at the Hotel 3* Relais Alpin in Les Mosses will greet you with a warm atmosphere and a varied menu.","og_url":"https:\/\/www.relaisalpin.ch\/en\/our-restaurants\/","og_site_name":"Le Relais Alpin","article_modified_time":"2019-03-06T16:49:27+00:00","og_image":[{"width":1200,"height":800,"url":"https:\/\/www.relaisalpin.ch\/wp-content\/uploads\/sites\/6\/2019\/02\/le-relais-alpin_restaurants_preview_01-min-1.jpg","type":"image\/jpeg"}],"twitter_card":"summary_large_image","schema":{"@context":"https:\/\/schema.org","@graph":[{"@type":"WebPage","@id":"https:\/\/www.relaisalpin.ch\/en\/our-restaurants\/","url":"https:\/\/www.relaisalpin.ch\/en\/our-restaurants\/","name":"Restaurant in Les Mosses - Le Bivouac - L'\u00e9ph\u00e9m\u00e8re - Le Relais Alpin","isPartOf":{"@id":"https:\/\/www.relaisalpin.ch\/en\/#website"},"primaryImageOfPage":{"@id":"https:\/\/www.relaisalpin.ch\/en\/our-restaurants\/#primaryimage"},"image":{"@id":"https:\/\/www.relaisalpin.ch\/en\/our-restaurants\/#primaryimage"},"thumbnailUrl":"https:\/\/www.relaisalpin.ch\/wp-content\/uploads\/sites\/6\/2019\/02\/le-relais-alpin_restaurants_preview_01-min-1.jpg","datePublished":"2019-03-06T16:43:42+00:00","dateModified":"2019-03-06T16:49:27+00:00","description":"The \"Le Bivouac\" Restaurant at the Hotel 3* Relais Alpin in Les Mosses will greet you with a warm atmosphere and a varied menu.","breadcrumb":{"@id":"https:\/\/www.relaisalpin.ch\/en\/our-restaurants\/#breadcrumb"},"inLanguage":"en-US","potentialAction":[{"@type":"ReadAction","target":["https:\/\/www.relaisalpin.ch\/en\/our-restaurants\/"]}]},{"@type":"ImageObject","inLanguage":"en-US","@id":"https:\/\/www.relaisalpin.ch\/en\/our-restaurants\/#primaryimage","url":"https:\/\/www.relaisalpin.ch\/wp-content\/uploads\/sites\/6\/2019\/02\/le-relais-alpin_restaurants_preview_01-min-1.jpg","contentUrl":"https:\/\/www.relaisalpin.ch\/wp-content\/uploads\/sites\/6\/2019\/02\/le-relais-alpin_restaurants_preview_01-min-1.jpg","width":1200,"height":800},{"@type":"BreadcrumbList","@id":"https:\/\/www.relaisalpin.ch\/en\/our-restaurants\/#breadcrumb","itemListElement":[{"@type":"ListItem","position":1,"name":"Home","item":"https:\/\/www.relaisalpin.ch\/en\/"},{"@type":"ListItem","position":2,"name":"Our restaurants"}]},{"@type":"WebSite","@id":"https:\/\/www.relaisalpin.ch\/en\/#website","url":"https:\/\/www.relaisalpin.ch\/en\/","name":"Le Relais Alpin","description":"Just another ms.decms.eu site","potentialAction":[{"@type":"SearchAction","target":{"@type":"EntryPoint","urlTemplate":"https:\/\/www.relaisalpin.ch\/en\/?s={search_term_string}"},"query-input":{"@type":"PropertyValueSpecification","valueRequired":true,"valueName":"search_term_string"}}],"inLanguage":"en-US"}]}},"acf":[],"_links":{"self":[{"href":"https:\/\/www.relaisalpin.ch\/en\/wp-json\/wp\/v2\/pages\/1211","targetHints":{"allow":["GET"]}}],"collection":[{"href":"https:\/\/www.relaisalpin.ch\/en\/wp-json\/wp\/v2\/pages"}],"about":[{"href":"https:\/\/www.relaisalpin.ch\/en\/wp-json\/wp\/v2\/types\/page"}],"author":[{"embeddable":true,"href":"https:\/\/www.relaisalpin.ch\/en\/wp-json\/wp\/v2\/users\/14"}],"replies":[{"embeddable":true,"href":"https:\/\/www.relaisalpin.ch\/en\/wp-json\/wp\/v2\/comments?post=1211"}],"version-history":[{"count":0,"href":"https:\/\/www.relaisalpin.ch\/en\/wp-json\/wp\/v2\/pages\/1211\/revisions"}],"wp:featuredmedia":[{"embeddable":true,"href":"https:\/\/www.relaisalpin.ch\/en\/wp-json\/wp\/v2\/media\/362"}],"wp:attachment":[{"href":"https:\/\/www.relaisalpin.ch\/en\/wp-json\/wp\/v2\/media?parent=1211"}],"curies":[{"name":"wp","href":"https:\/\/api.w.org\/{rel}","templated":true}]}}